{"id":53,"date":"2021-08-23T15:50:30","date_gmt":"2021-08-23T15:50:30","guid":{"rendered":"https:\/\/extremrun5hills.cz\/?page_id=53"},"modified":"2023-07-29T08:37:41","modified_gmt":"2023-07-29T08:37:41","slug":"extremrun-5-hills-2022","status":"publish","type":"page","link":"https:\/\/extremrun5hills.cz\/en\/fotogalerie\/extremrun-5-hills-2022\/","title":{"rendered":"ExtremRun 5 Hills 2022"},"content":{"rendered":"<div data-elementor-type=\"wp-page\" data-elementor-id=\"53\" class=\"elementor elementor-53\" data-elementor-post-type=\"page\">\n\t\t\t\t\t\t<section class=\"elementor-section elementor-top-section elementor-element elementor-element-872edf5 elementor-section-boxed elementor-section-height-default elementor-section-height-default wpr-particle-no wpr-jarallax-no wpr-parallax-no wpr-sticky-section-no\" data-id=\"872edf5\" data-element_type=\"section\" data-e-type=\"section\">\n\t\t\t\t\t\t<div class=\"elementor-container elementor-column-gap-default\">\n\t\t\t\t\t<div class=\"elementor-column elementor-col-100 elementor-top-column elementor-element elementor-element-cfdd31a\" data-id=\"cfdd31a\" data-element_type=\"column\" data-e-type=\"column\">\n\t\t\t<div class=\"elementor-widget-wrap elementor-element-populated\">\n\t\t\t\t\t\t<div class=\"elementor-element elementor-element-33d8eca elementor-widget elementor-widget-heading\" data-id=\"33d8eca\" data-element_type=\"widget\" data-e-type=\"widget\" data-widget_type=\"heading.default\">\n\t\t\t\t<div class=\"elementor-widget-container\">\n\t\t\t\t\t<h1 class=\"elementor-heading-title elementor-size-default\">Extrem Run 5 Hills 2022<\/h1>\t\t\t\t<\/div>\n\t\t\t\t<\/div>\n\t\t\t\t\t<\/div>\n\t\t<\/div>\n\t\t\t\t\t<\/div>\n\t\t<\/section>\n\t\t\t\t<section class=\"elementor-section elementor-top-section elementor-element elementor-element-3b1001b elementor-section-boxed elementor-section-height-default elementor-section-height-default wpr-particle-no wpr-jarallax-no wpr-parallax-no wpr-sticky-section-no\" data-id=\"3b1001b\" data-element_type=\"section\" data-e-type=\"section\">\n\t\t\t\t\t\t<div class=\"elementor-container elementor-column-gap-default\">\n\t\t\t\t\t<div class=\"elementor-column elementor-col-100 elementor-top-column elementor-element elementor-element-475ebf8\" data-id=\"475ebf8\" data-element_type=\"column\" data-e-type=\"column\">\n\t\t\t<div class=\"elementor-widget-wrap elementor-element-populated\">\n\t\t\t\t\t\t<div class=\"elementor-element elementor-element-8e7a34c wpr-grid-columns-4 wpr-grid-columns--tablet3 wpr-grid-columns--mobile1 wpr-grid-pagination-center elementor-widget elementor-widget-wpr-media-grid\" data-id=\"8e7a34c\" data-element_type=\"widget\" data-e-type=\"widget\" data-widget_type=\"wpr-media-grid.default\">\n\t\t\t\t<div class=\"elementor-widget-container\">\n\t\t\t\t\t<h2>No Images Found!<\/h2>\t\t\t\t<\/div>\n\t\t\t\t<\/div>\n\t\t\t\t\t<\/div>\n\t\t<\/div>\n\t\t\t\t\t<\/div>\n\t\t<\/section>\n\t\t\t\t<\/div>","protected":false},"excerpt":{"rendered":"<p>Extrem Run 5 Hills 2022 nahr\u00e1t dal\u0161\u00ed fotky konec galerie<\/p>","protected":false},"author":1,"featured_media":0,"parent":1674,"menu_order":0,"comment_status":"closed","ping_status":"closed","template":"","meta":{"site-sidebar-layout":"no-sidebar","site-content-layout":"page-builder","ast-site-content-layout":"default","site-content-style":"default","site-sidebar-style":"default","ast-global-header-display":"","ast-banner-title-visibility":"","ast-main-header-display":"","ast-hfb-above-header-display":"","ast-hfb-below-header-display":"","ast-hfb-mobile-header-display":"","site-post-title":"disabled","ast-breadcrumbs-content":"","ast-featured-img":"disabled","footer-sml-layout":"","theme-transparent-header-meta":"default","adv-header-id-meta":"","stick-header-meta":"","header-above-stick-meta":"","header-main-stick-meta":"","header-below-stick-meta":"","astra-migrate-meta-layouts":"default","ast-page-background-enabled":"default","ast-page-background-meta":{"desktop":{"background-color":"var(--ast-global-color-4)","background-image":"","background-repeat":"repeat","background-position":"center center","background-size":"auto","background-attachment":"scroll","background-type":"","background-media":"","overlay-type":"","overlay-color":"","overlay-opacity":"","overlay-gradient":""},"tablet":{"background-color":"","background-image":"","background-repeat":"repeat","background-position":"center center","background-size":"auto","background-attachment":"scroll","background-type":"","background-media":"","overlay-type":"","overlay-color":"","overlay-opacity":"","overlay-gradient":""},"mobile":{"background-color":"","background-image":"","background-repeat":"repeat","background-position":"center center","background-size":"auto","background-attachment":"scroll","background-type":"","background-media":"","overlay-type":"","overlay-color":"","overlay-opacity":"","overlay-gradient":""}},"ast-content-background-meta":{"desktop":{"background-color":"var(--ast-global-color-5)","background-image":"","background-repeat":"repeat","background-position":"center center","background-size":"auto","background-attachment":"scroll","background-type":"","background-media":"","overlay-type":"","overlay-color":"","overlay-opacity":"","overlay-gradient":""},"tablet":{"background-color":"var(--ast-global-color-5)","background-image":"","background-repeat":"repeat","background-position":"center center","background-size":"auto","background-attachment":"scroll","background-type":"","background-media":"","overlay-type":"","overlay-color":"","overlay-opacity":"","overlay-gradient":""},"mobile":{"background-color":"var(--ast-global-color-5)","background-image":"","background-repeat":"repeat","background-position":"center center","background-size":"auto","background-attachment":"scroll","background-type":"","background-media":"","overlay-type":"","overlay-color":"","overlay-opacity":"","overlay-gradient":""}},"footnotes":""},"class_list":["post-53","page","type-page","status-publish","hentry"],"yoast_head":"<!-- This site is optimized with the Yoast SEO plugin v25.5 - https:\/\/yoast.com\/wordpress\/plugins\/seo\/ -->\n<title>ExtremRun 5 Hills 2022 - extremrun5hills.cz<\/title>\n<meta name=\"robots\" content=\"index, follow, max-snippet:-1, max-image-preview:large, max-video-preview:-1\" \/>\n<link rel=\"canonical\" href=\"https:\/\/extremrun5hills.cz\/en\/fotogalerie\/extremrun-5-hills-2022\/\" \/>\n<meta property=\"og:locale\" content=\"en_US\" \/>\n<meta property=\"og:type\" content=\"article\" \/>\n<meta property=\"og:title\" content=\"ExtremRun 5 Hills 2022 - extremrun5hills.cz\" \/>\n<meta property=\"og:description\" content=\"Extrem Run 5 Hills 2022 nahr\u00e1t dal\u0161\u00ed fotky konec galerie\" \/>\n<meta property=\"og:url\" content=\"https:\/\/extremrun5hills.cz\/en\/fotogalerie\/extremrun-5-hills-2022\/\" \/>\n<meta property=\"og:site_name\" content=\"extremrun5hills.cz\" \/>\n<meta property=\"article:modified_time\" content=\"2023-07-29T08:37:41+00:00\" \/>\n<meta property=\"og:image\" content=\"https:\/\/extremrun5hills.cz\/wp-content\/uploads\/2022\/08\/IMG_8782.jpg\" \/>\n<meta name=\"twitter:card\" content=\"summary_large_image\" \/>\n<meta name=\"twitter:label1\" content=\"Est. reading time\" \/>\n\t<meta name=\"twitter:data1\" content=\"4 minutes\" \/>\n<script type=\"application\/ld+json\" class=\"yoast-schema-graph\">{\"@context\":\"https:\/\/schema.org\",\"@graph\":[{\"@type\":\"WebPage\",\"@id\":\"https:\/\/extremrun5hills.cz\/fotogalerie\/extremrun-5-hills-2022\/\",\"url\":\"https:\/\/extremrun5hills.cz\/fotogalerie\/extremrun-5-hills-2022\/\",\"name\":\"ExtremRun 5 Hills 2022 - extremrun5hills.cz\",\"isPartOf\":{\"@id\":\"https:\/\/extremrun5hills.cz\/#website\"},\"primaryImageOfPage\":{\"@id\":\"https:\/\/extremrun5hills.cz\/fotogalerie\/extremrun-5-hills-2022\/#primaryimage\"},\"image\":{\"@id\":\"https:\/\/extremrun5hills.cz\/fotogalerie\/extremrun-5-hills-2022\/#primaryimage\"},\"thumbnailUrl\":\"https:\/\/extremrun5hills.cz\/wp-content\/uploads\/2022\/08\/IMG_8782.jpg\",\"datePublished\":\"2021-08-23T15:50:30+00:00\",\"dateModified\":\"2023-07-29T08:37:41+00:00\",\"breadcrumb\":{\"@id\":\"https:\/\/extremrun5hills.cz\/fotogalerie\/extremrun-5-hills-2022\/#breadcrumb\"},\"inLanguage\":\"en-US\",\"potentialAction\":[{\"@type\":\"ReadAction\",\"target\":[\"https:\/\/extremrun5hills.cz\/fotogalerie\/extremrun-5-hills-2022\/\"]}]},{\"@type\":\"ImageObject\",\"inLanguage\":\"en-US\",\"@id\":\"https:\/\/extremrun5hills.cz\/fotogalerie\/extremrun-5-hills-2022\/#primaryimage\",\"url\":\"https:\/\/extremrun5hills.cz\/wp-content\/uploads\/2022\/08\/IMG_8782.jpg\",\"contentUrl\":\"https:\/\/extremrun5hills.cz\/wp-content\/uploads\/2022\/08\/IMG_8782.jpg\"},{\"@type\":\"BreadcrumbList\",\"@id\":\"https:\/\/extremrun5hills.cz\/fotogalerie\/extremrun-5-hills-2022\/#breadcrumb\",\"itemListElement\":[{\"@type\":\"ListItem\",\"position\":1,\"name\":\"Dom\u016f\",\"item\":\"https:\/\/extremrun5hills.cz\/\"},{\"@type\":\"ListItem\",\"position\":2,\"name\":\"Fotogalerie\",\"item\":\"https:\/\/extremrun5hills.cz\/fotogalerie\/\"},{\"@type\":\"ListItem\",\"position\":3,\"name\":\"ExtremRun 5 Hills 2022\"}]},{\"@type\":\"WebSite\",\"@id\":\"https:\/\/extremrun5hills.cz\/#website\",\"url\":\"https:\/\/extremrun5hills.cz\/\",\"name\":\"extremrun5hills.cz\",\"description\":\"\",\"publisher\":{\"@id\":\"https:\/\/extremrun5hills.cz\/#organization\"},\"potentialAction\":[{\"@type\":\"SearchAction\",\"target\":{\"@type\":\"EntryPoint\",\"urlTemplate\":\"https:\/\/extremrun5hills.cz\/?s={search_term_string}\"},\"query-input\":{\"@type\":\"PropertyValueSpecification\",\"valueRequired\":true,\"valueName\":\"search_term_string\"}}],\"inLanguage\":\"en-US\"},{\"@type\":\"Organization\",\"@id\":\"https:\/\/extremrun5hills.cz\/#organization\",\"name\":\"extremrun5hills.cz\",\"url\":\"https:\/\/extremrun5hills.cz\/\",\"logo\":{\"@type\":\"ImageObject\",\"inLanguage\":\"en-US\",\"@id\":\"https:\/\/extremrun5hills.cz\/#\/schema\/logo\/image\/\",\"url\":\"https:\/\/extremrun5hills.cz\/wp-content\/uploads\/2021\/08\/logo_v3.svg\",\"contentUrl\":\"https:\/\/extremrun5hills.cz\/wp-content\/uploads\/2021\/08\/logo_v3.svg\",\"width\":318,\"height\":194,\"caption\":\"extremrun5hills.cz\"},\"image\":{\"@id\":\"https:\/\/extremrun5hills.cz\/#\/schema\/logo\/image\/\"}}]}<\/script>\n<!-- \/ Yoast SEO plugin. -->","yoast_head_json":{"title":"ExtremRun 5 Hills 2022 - extremrun5hills.cz","robots":{"index":"index","follow":"follow","max-snippet":"max-snippet:-1","max-image-preview":"max-image-preview:large","max-video-preview":"max-video-preview:-1"},"canonical":"https:\/\/extremrun5hills.cz\/en\/fotogalerie\/extremrun-5-hills-2022\/","og_locale":"en_US","og_type":"article","og_title":"ExtremRun 5 Hills 2022 - extremrun5hills.cz","og_description":"Extrem Run 5 Hills 2022 nahr\u00e1t dal\u0161\u00ed fotky konec galerie","og_url":"https:\/\/extremrun5hills.cz\/en\/fotogalerie\/extremrun-5-hills-2022\/","og_site_name":"extremrun5hills.cz","article_modified_time":"2023-07-29T08:37:41+00:00","og_image":[{"url":"https:\/\/extremrun5hills.cz\/wp-content\/uploads\/2022\/08\/IMG_8782.jpg","type":"","width":"","height":""}],"twitter_card":"summary_large_image","twitter_misc":{"Est. reading time":"4 minutes"},"schema":{"@context":"https:\/\/schema.org","@graph":[{"@type":"WebPage","@id":"https:\/\/extremrun5hills.cz\/fotogalerie\/extremrun-5-hills-2022\/","url":"https:\/\/extremrun5hills.cz\/fotogalerie\/extremrun-5-hills-2022\/","name":"ExtremRun 5 Hills 2022 - extremrun5hills.cz","isPartOf":{"@id":"https:\/\/extremrun5hills.cz\/#website"},"primaryImageOfPage":{"@id":"https:\/\/extremrun5hills.cz\/fotogalerie\/extremrun-5-hills-2022\/#primaryimage"},"image":{"@id":"https:\/\/extremrun5hills.cz\/fotogalerie\/extremrun-5-hills-2022\/#primaryimage"},"thumbnailUrl":"https:\/\/extremrun5hills.cz\/wp-content\/uploads\/2022\/08\/IMG_8782.jpg","datePublished":"2021-08-23T15:50:30+00:00","dateModified":"2023-07-29T08:37:41+00:00","breadcrumb":{"@id":"https:\/\/extremrun5hills.cz\/fotogalerie\/extremrun-5-hills-2022\/#breadcrumb"},"inLanguage":"en-US","potentialAction":[{"@type":"ReadAction","target":["https:\/\/extremrun5hills.cz\/fotogalerie\/extremrun-5-hills-2022\/"]}]},{"@type":"ImageObject","inLanguage":"en-US","@id":"https:\/\/extremrun5hills.cz\/fotogalerie\/extremrun-5-hills-2022\/#primaryimage","url":"https:\/\/extremrun5hills.cz\/wp-content\/uploads\/2022\/08\/IMG_8782.jpg","contentUrl":"https:\/\/extremrun5hills.cz\/wp-content\/uploads\/2022\/08\/IMG_8782.jpg"},{"@type":"BreadcrumbList","@id":"https:\/\/extremrun5hills.cz\/fotogalerie\/extremrun-5-hills-2022\/#breadcrumb","itemListElement":[{"@type":"ListItem","position":1,"name":"Dom\u016f","item":"https:\/\/extremrun5hills.cz\/"},{"@type":"ListItem","position":2,"name":"Fotogalerie","item":"https:\/\/extremrun5hills.cz\/fotogalerie\/"},{"@type":"ListItem","position":3,"name":"ExtremRun 5 Hills 2022"}]},{"@type":"WebSite","@id":"https:\/\/extremrun5hills.cz\/#website","url":"https:\/\/extremrun5hills.cz\/","name":"extremrun5hills.cz","description":"","publisher":{"@id":"https:\/\/extremrun5hills.cz\/#organization"},"potentialAction":[{"@type":"SearchAction","target":{"@type":"EntryPoint","urlTemplate":"https:\/\/extremrun5hills.cz\/?s={search_term_string}"},"query-input":{"@type":"PropertyValueSpecification","valueRequired":true,"valueName":"search_term_string"}}],"inLanguage":"en-US"},{"@type":"Organization","@id":"https:\/\/extremrun5hills.cz\/#organization","name":"extremrun5hills.cz","url":"https:\/\/extremrun5hills.cz\/","logo":{"@type":"ImageObject","inLanguage":"en-US","@id":"https:\/\/extremrun5hills.cz\/#\/schema\/logo\/image\/","url":"https:\/\/extremrun5hills.cz\/wp-content\/uploads\/2021\/08\/logo_v3.svg","contentUrl":"https:\/\/extremrun5hills.cz\/wp-content\/uploads\/2021\/08\/logo_v3.svg","width":318,"height":194,"caption":"extremrun5hills.cz"},"image":{"@id":"https:\/\/extremrun5hills.cz\/#\/schema\/logo\/image\/"}}]}},"_links":{"self":[{"href":"https:\/\/extremrun5hills.cz\/en\/wp-json\/wp\/v2\/pages\/53","targetHints":{"allow":["GET"]}}],"collection":[{"href":"https:\/\/extremrun5hills.cz\/en\/wp-json\/wp\/v2\/pages"}],"about":[{"href":"https:\/\/extremrun5hills.cz\/en\/wp-json\/wp\/v2\/types\/page"}],"author":[{"embeddable":true,"href":"https:\/\/extremrun5hills.cz\/en\/wp-json\/wp\/v2\/users\/1"}],"replies":[{"embeddable":true,"href":"https:\/\/extremrun5hills.cz\/en\/wp-json\/wp\/v2\/comments?post=53"}],"version-history":[{"count":0,"href":"https:\/\/extremrun5hills.cz\/en\/wp-json\/wp\/v2\/pages\/53\/revisions"}],"up":[{"embeddable":true,"href":"https:\/\/extremrun5hills.cz\/en\/wp-json\/wp\/v2\/pages\/1674"}],"wp:attachment":[{"href":"https:\/\/extremrun5hills.cz\/en\/wp-json\/wp\/v2\/media?parent=53"}],"curies":[{"name":"wp","href":"https:\/\/api.w.org\/{rel}","templated":true}]}}